{"id":453,"date":"2023-08-14T15:30:03","date_gmt":"2023-08-14T15:30:03","guid":{"rendered":"https:\/\/simple-key.ch\/?page_id=453"},"modified":"2023-08-14T15:30:30","modified_gmt":"2023-08-14T15:30:30","slug":"impressum","status":"publish","type":"page","link":"https:\/\/simple-key.ch\/index.php\/impressum\/","title":{"rendered":"Impressum"},"content":{"rendered":"\n<p><strong>KONTAKT<\/strong><br>SIMPLE KEY GmbH<br>Underm\u00fclistrasse 22<br>8320 Fehraltdorf<br><a href=\"mailto:info@simple-key.ch\">info@simple-key.ch<\/a><\/p>\n\n\n\n<p><strong>UMSETZUNG &amp; WEBDESIGN<\/strong><br><a href=\"https:\/\/www.anderline.ch\/\">anderline GmbH<\/a><\/p>\n\n\n\n<p><strong>HAFTUNG F\u00dcR INHALTE &amp; LINKS<\/strong><br>Die Inhalte unserer Seiten wurden mit gr\u00f6sster Sorgfalt erstellt. F\u00fcr die Richtigkeit, Vollst\u00e4ndigkeit und Aktualit\u00e4t der Inhalte k\u00f6nnen wir jedoch keine Gew\u00e4hr \u00fcbernehmen. Unser Angebot enth\u00e4lt Links zu externen Webseiten Dritter, auf deren Inhalte wir keinen Einfluss haben. Deshalb k\u00f6nnen wir f\u00fcr diese fremden Inhalte auch keine Gew\u00e4hr \u00fcbernehmen. F\u00fcr die Inhalte der verlinkten Seiten ist stets der jeweilige Anbieter oder Betreiber der Seiten verantwortlich. Haftungsanspr\u00fcche gegen\u00a0SIMPLE-KEY\u00a0wegen Sch\u00e4den materieller oder immaterieller Art, welche aus dem Zugriff oder der Nutzung bzw. Nichtnutzung der ver\u00f6ffentlichten Informationen, durch Missbrauch der Verbindung oder durch technische St\u00f6rungen entstanden sind, werden ausgeschlossen.\u00a0SIMPLE-KEY\u00a0beh\u00e4lt es sich ausdr\u00fccklich vor, Teile der Seiten oder das gesamte Angebot ohne gesonderte Ank\u00fcndigung zu ver\u00e4ndern, zu erg\u00e4nzen, zu l\u00f6schen oder die Ver\u00f6ffentlichung zeitweise oder endg\u00fcltig einzustellen.<\/p>\n\n\n\n<p><strong>URHEBERRECHT<\/strong><br>Die durch die Seitenbetreiber erstellten Inhalte und Werke auf diesen Seiten unterliegen dem schweizerischen Urheberrecht. Die Vervielf\u00e4ltigung, Bearbeitung, Verbreitung und jede Art der Verwertung ausserhalb der Grenzen des Urheberrechtes bed\u00fcrfen der schriftlichen Zustimmung von\u00a0SIMPLE-KEY. Sollten Sie trotzdem auf eine Urheberrechtsverletzung aufmerksam werden, bitten wir um einen entsprechenden Hinweis. Bei Bekanntwerden von Rechtsverletzungen werden wir derartige Inhalte umgehend entfernen.<\/p>\n\n\n\n<p><strong>DATENSCHUTZ &amp; SSL VERSCHL\u00dcSSELUNG<\/strong><br>Gest\u00fctzt auf Artikel 13 der schweizerischen Bundesverfassung und die datenschutzrechtlichen Bestimmungen des Bundes (Datenschutzgesetz, DSG) hat jede Person Anspruch auf Schutz ihrer Privatsph\u00e4re sowie auf Schutz vor Missbrauch ihrer pers\u00f6nlichen Daten. Wir halten diese Bestimmungen ein. Pers\u00f6nliche Daten werden streng vertraulich behandelt und weder an Dritte verkauft noch weiter gegeben.<br>Wir verwenden auf unserem gesamten Internetauftritt ein SSL-Zertifikat von Let\u2019s Encrypt mit einer 256-Bit Verschl\u00fcsselung.<\/p>\n\n\n\n<p>In enger Zusammenarbeit mit unseren Hosting-Provider bem\u00fchen wir uns, die Datenbanken so gut wie m\u00f6glich vor fremden Zugriffen, Verlusten, Missbrauch oder vor F\u00e4lschung zu sch\u00fctzen. Beim Zugriff auf unsere Webseiten werden folgende Daten in Logfiles gespeichert: IP-Adresse, Datum, Uhrzeit, Browser-Anfrage und allg. \u00fcbertragene Informationen zum Betriebssystem resp. Browser. Diese Nutzungsdaten bilden die Basis f\u00fcr statistische, anonyme Auswertungen, so dass Trends erkennbar sind, anhand derer wir unsere Angebote entsprechend verbessern k\u00f6nnen.<\/p>\n\n\n\n<p><strong>GOOGLE ANALYTICS<\/strong><br>Diese Website benutzt Google Analytics, einen Webanalysedienst der Google Inc. (\u201dGoogle\u201d). Google Analytics verwendet sog. \u201dCookies\u201d, Textdateien, die auf Ihrem Computer gespeichert werden und die eine Analyse der Benutzung der Website durch Sie erm\u00f6glicht. Sie k\u00f6nnen die Installation der Cookies durch eine entsprechende Einstellung Ihrer Browser Software verhindern; wir weisen Sie jedoch darauf hin, dass Sie in diesem Fall gegebenenfalls nicht s\u00e4mtliche Funktionen dieser Website voll umf\u00e4nglich nutzen k\u00f6nnen.<\/p>\n\n\n\n<p><strong>KONTAKTFORMULAR (PERS\u00d6NLICHE DATEN)<\/strong><\/p>\n\n\n\n<p>Bei einer Kontaktaufnahme via E-Mail werden Ihre Daten wie z.B. Vor- und Nachname, sowie E-Mail-Adresse zum Zweck einer allf\u00e4lligen Zusammenarbeit gespeichert.\u00a0\u00a0<\/p>\n\n\n\n<hr class=\"wp-block-separator has-alpha-channel-opacity\"\/>\n","protected":false},"excerpt":{"rendered":"<p>KONTAKTSIMPLE KEY GmbHUnderm\u00fclistrasse 228320 Fehraltdorfinfo@simple-key.ch UMSETZUNG &amp; WEBDESIGNanderline GmbH HAFTUNG F\u00dcR INHALTE &amp; LINKSDie Inhalte unserer Seiten wurden mit gr\u00f6sster Sorgfalt erstellt. F\u00fcr die Richtigkeit, Vollst\u00e4ndigkeit und Aktualit\u00e4t der Inhalte k\u00f6nnen wir jedoch keine Gew\u00e4hr \u00fcbernehmen. Unser Angebot enth\u00e4lt Links zu externen Webseiten Dritter, auf deren Inhalte wir keinen Einfluss haben. Deshalb k\u00f6nnen wir f\u00fcr&hellip;&nbsp;<a href=\"https:\/\/simple-key.ch\/index.php\/impressum\/\" class=\"\" rel=\"bookmark\">Weiterlesen &raquo;<span class=\"screen-reader-text\">Impressum<\/span><\/a><\/p>\n","protected":false},"author":1,"featured_media":0,"parent":0,"menu_order":60,"comment_status":"closed","ping_status":"closed","template":"","meta":{"neve_meta_sidebar":"","neve_meta_container":"","neve_meta_enable_content_width":"","neve_meta_content_width":0,"neve_meta_title_alignment":"","neve_meta_author_avatar":"","neve_post_elements_order":"","neve_meta_disable_header":"","neve_meta_disable_footer":"","neve_meta_disable_title":"","footnotes":""},"class_list":["post-453","page","type-page","status-publish","hentry"],"_links":{"self":[{"href":"https:\/\/simple-key.ch\/index.php\/wp-json\/wp\/v2\/pages\/453","targetHints":{"allow":["GET"]}}],"collection":[{"href":"https:\/\/simple-key.ch\/index.php\/wp-json\/wp\/v2\/pages"}],"about":[{"href":"https:\/\/simple-key.ch\/index.php\/wp-json\/wp\/v2\/types\/page"}],"author":[{"embeddable":true,"href":"https:\/\/simple-key.ch\/index.php\/wp-json\/wp\/v2\/users\/1"}],"replies":[{"embeddable":true,"href":"https:\/\/simple-key.ch\/index.php\/wp-json\/wp\/v2\/comments?post=453"}],"version-history":[{"count":1,"href":"https:\/\/simple-key.ch\/index.php\/wp-json\/wp\/v2\/pages\/453\/revisions"}],"predecessor-version":[{"id":455,"href":"https:\/\/simple-key.ch\/index.php\/wp-json\/wp\/v2\/pages\/453\/revisions\/455"}],"wp:attachment":[{"href":"https:\/\/simple-key.ch\/index.php\/wp-json\/wp\/v2\/media?parent=453"}],"curies":[{"name":"wp","href":"https:\/\/api.w.org\/{rel}","templated":true}]}}